{"id":3910,"date":"2023-06-20T21:19:45","date_gmt":"2023-06-20T21:19:45","guid":{"rendered":"http:\/\/optimusmutfak.com\/?product=32012-round-up-kirmizi-sarap"},"modified":"2023-06-20T21:24:07","modified_gmt":"2023-06-20T21:24:07","slug":"32012-round-up-kirmizi-sarap","status":"publish","type":"product","link":"http:\/\/optimusmutfak.com\/?product=32012-round-up-kirmizi-sarap","title":{"rendered":"32012 Round Up K\u0131rm\u0131z\u0131 \u015earap"},"content":{"rendered":"<p>32012 \u2013 1116041<br \/>\nH: 227 mm 9&#8243;<br \/>\nT: 63 mm 2 1\/2&#8243;<br \/>\nV: 500 cc 17 oz<\/p>\n","protected":false},"excerpt":{"rendered":"<p>32012 ROUND UP KIRMIZI \u015eARAP<\/p>\n","protected":false},"featured_media":3582,"comment_status":"open","ping_status":"closed","template":"","meta":{"saved_in_kubio":false,"_eb_attr":""},"product_cat":[23],"product_tag":[82],"class_list":{"0":"post-3910","1":"product","2":"type-product","3":"status-publish","4":"has-post-thumbnail","6":"product_cat-nudeglass","7":"product_tag-sectiklerimiz","9":"first","10":"instock","11":"shipping-taxable","12":"purchasable","13":"product-type-simple"},"_links":{"self":[{"href":"http:\/\/optimusmutfak.com\/index.php?rest_route=\/wp\/v2\/product\/3910","targetHints":{"allow":["GET"]}}],"collection":[{"href":"http:\/\/optimusmutfak.com\/index.php?rest_route=\/wp\/v2\/product"}],"about":[{"href":"http:\/\/optimusmutfak.com\/index.php?rest_route=\/wp\/v2\/types\/product"}],"replies":[{"embeddable":true,"href":"http:\/\/optimusmutfak.com\/index.php?rest_route=%2Fwp%2Fv2%2Fcomments&post=3910"}],"wp:featuredmedia":[{"embeddable":true,"href":"http:\/\/optimusmutfak.com\/index.php?rest_route=\/wp\/v2\/media\/3582"}],"wp:attachment":[{"href":"http:\/\/optimusmutfak.com\/index.php?rest_route=%2Fwp%2Fv2%2Fmedia&parent=3910"}],"wp:term":[{"taxonomy":"product_cat","embeddable":true,"href":"http:\/\/optimusmutfak.com\/index.php?rest_route=%2Fwp%2Fv2%2Fproduct_cat&post=3910"},{"taxonomy":"product_tag","embeddable":true,"href":"http:\/\/optimusmutfak.com\/index.php?rest_route=%2Fwp%2Fv2%2Fproduct_tag&post=3910"}],"curies":[{"name":"wp","href":"https:\/\/api.w.org\/{rel}","templated":true}]}}