{"id":3792,"date":"2023-06-20T21:19:27","date_gmt":"2023-06-20T21:19:27","guid":{"rendered":"http:\/\/optimusmutfak.com\/?product=28675-alba-viski-sisesi-1800-cc"},"modified":"2023-06-20T21:19:27","modified_gmt":"2023-06-20T21:19:27","slug":"28675-alba-viski-sisesi-1800-cc","status":"publish","type":"product","link":"http:\/\/optimusmutfak.com\/?product=28675-alba-viski-sisesi-1800-cc","title":{"rendered":"28675 Alba Viski \u015ei\u015fesi (~1800 Cc)"},"content":{"rendered":"<p>28675 \u2013 1086003<br \/>\nH: 300 mm 11 3\/4&#8221;<br \/>\nQ: 160 mm 6 1\/4&#8243;<br \/>\nV: 1800 cc 60 3\/4 oz<\/p>\n","protected":false},"excerpt":{"rendered":"<p>28675 ALBA V\u0130SK\u0130 \u015e\u0130\u015eES\u0130 (~1800 CC)<\/p>\n","protected":false},"featured_media":3526,"comment_status":"open","ping_status":"closed","template":"","meta":{"saved_in_kubio":false,"_eb_attr":""},"product_cat":[23],"product_tag":[],"class_list":{"0":"post-3792","1":"product","2":"type-product","3":"status-publish","4":"has-post-thumbnail","6":"product_cat-nudeglass","8":"first","9":"instock","10":"shipping-taxable","11":"purchasable","12":"product-type-simple"},"_links":{"self":[{"href":"http:\/\/optimusmutfak.com\/index.php?rest_route=\/wp\/v2\/product\/3792","targetHints":{"allow":["GET"]}}],"collection":[{"href":"http:\/\/optimusmutfak.com\/index.php?rest_route=\/wp\/v2\/product"}],"about":[{"href":"http:\/\/optimusmutfak.com\/index.php?rest_route=\/wp\/v2\/types\/product"}],"replies":[{"embeddable":true,"href":"http:\/\/optimusmutfak.com\/index.php?rest_route=%2Fwp%2Fv2%2Fcomments&post=3792"}],"wp:featuredmedia":[{"embeddable":true,"href":"http:\/\/optimusmutfak.com\/index.php?rest_route=\/wp\/v2\/media\/3526"}],"wp:attachment":[{"href":"http:\/\/optimusmutfak.com\/index.php?rest_route=%2Fwp%2Fv2%2Fmedia&parent=3792"}],"wp:term":[{"taxonomy":"product_cat","embeddable":true,"href":"http:\/\/optimusmutfak.com\/index.php?rest_route=%2Fwp%2Fv2%2Fproduct_cat&post=3792"},{"taxonomy":"product_tag","embeddable":true,"href":"http:\/\/optimusmutfak.com\/index.php?rest_route=%2Fwp%2Fv2%2Fproduct_tag&post=3792"}],"curies":[{"name":"wp","href":"https:\/\/api.w.org\/{rel}","templated":true}]}}