{"id":3768,"date":"2023-06-20T21:19:22","date_gmt":"2023-06-20T21:19:22","guid":{"rendered":"http:\/\/optimusmutfak.com\/?product=68184-wayne-viski-bardagi-330-cc"},"modified":"2023-06-20T21:19:22","modified_gmt":"2023-06-20T21:19:22","slug":"68184-wayne-viski-bardagi-330-cc","status":"publish","type":"product","link":"http:\/\/optimusmutfak.com\/?product=68184-wayne-viski-bardagi-330-cc","title":{"rendered":"68184 Wayne Viski Barda\u011f\u0131 (~330 Cc)"},"content":{"rendered":"<p>68184 \u2013 1100890<br \/>\nH: 97 mm 3 3\/4&#8243;<br \/>\nT: 87 mm 3 1\/2&#8243;<br \/>\nV: 330 cc 11 1\/4 oz<\/p>\n","protected":false},"excerpt":{"rendered":"<p>68184 WAYNE V\u0130SK\u0130 BARDA\u011eI (~330 CC)<\/p>\n","protected":false},"featured_media":3633,"comment_status":"open","ping_status":"closed","template":"","meta":{"saved_in_kubio":false,"_eb_attr":""},"product_cat":[23],"product_tag":[],"class_list":{"0":"post-3768","1":"product","2":"type-product","3":"status-publish","4":"has-post-thumbnail","6":"product_cat-nudeglass","8":"first","9":"instock","10":"shipping-taxable","11":"purchasable","12":"product-type-simple"},"_links":{"self":[{"href":"http:\/\/optimusmutfak.com\/index.php?rest_route=\/wp\/v2\/product\/3768","targetHints":{"allow":["GET"]}}],"collection":[{"href":"http:\/\/optimusmutfak.com\/index.php?rest_route=\/wp\/v2\/product"}],"about":[{"href":"http:\/\/optimusmutfak.com\/index.php?rest_route=\/wp\/v2\/types\/product"}],"replies":[{"embeddable":true,"href":"http:\/\/optimusmutfak.com\/index.php?rest_route=%2Fwp%2Fv2%2Fcomments&post=3768"}],"wp:featuredmedia":[{"embeddable":true,"href":"http:\/\/optimusmutfak.com\/index.php?rest_route=\/wp\/v2\/media\/3633"}],"wp:attachment":[{"href":"http:\/\/optimusmutfak.com\/index.php?rest_route=%2Fwp%2Fv2%2Fmedia&parent=3768"}],"wp:term":[{"taxonomy":"product_cat","embeddable":true,"href":"http:\/\/optimusmutfak.com\/index.php?rest_route=%2Fwp%2Fv2%2Fproduct_cat&post=3768"},{"taxonomy":"product_tag","embeddable":true,"href":"http:\/\/optimusmutfak.com\/index.php?rest_route=%2Fwp%2Fv2%2Fproduct_tag&post=3768"}],"curies":[{"name":"wp","href":"https:\/\/api.w.org\/{rel}","templated":true}]}}