{"id":3713,"date":"2023-06-20T21:19:13","date_gmt":"2023-06-20T21:19:13","guid":{"rendered":"http:\/\/optimusmutfak.com\/?product=32019-stem-zero-volcano-kirmizi-sarap"},"modified":"2023-06-20T21:23:43","modified_gmt":"2023-06-20T21:23:43","slug":"32019-stem-zero-volcano-kirmizi-sarap","status":"publish","type":"product","link":"http:\/\/optimusmutfak.com\/?product=32019-stem-zero-volcano-kirmizi-sarap","title":{"rendered":"32019 Stem Zero Volcano K\u0131rm\u0131z\u0131 \u015earap"},"content":{"rendered":"<p>32019 \u2013 1101729<br \/>\nH: 249 mm 9 3\/4&#8243;<br \/>\nT: 122 mm 4 3\/4&#8243;<br \/>\nV: 1000 cc 33 3\/4 oz<\/p>\n","protected":false},"excerpt":{"rendered":"<p>32019 STEM ZERO VOLCANO KIRMIZI \u015eARAP<\/p>\n","protected":false},"featured_media":3642,"comment_status":"open","ping_status":"closed","template":"","meta":{"saved_in_kubio":false,"_eb_attr":""},"product_cat":[23],"product_tag":[81],"class_list":{"0":"post-3713","1":"product","2":"type-product","3":"status-publish","4":"has-post-thumbnail","6":"product_cat-nudeglass","7":"product_tag-begenilenler","9":"first","10":"instock","11":"shipping-taxable","12":"purchasable","13":"product-type-simple"},"_links":{"self":[{"href":"http:\/\/optimusmutfak.com\/index.php?rest_route=\/wp\/v2\/product\/3713","targetHints":{"allow":["GET"]}}],"collection":[{"href":"http:\/\/optimusmutfak.com\/index.php?rest_route=\/wp\/v2\/product"}],"about":[{"href":"http:\/\/optimusmutfak.com\/index.php?rest_route=\/wp\/v2\/types\/product"}],"replies":[{"embeddable":true,"href":"http:\/\/optimusmutfak.com\/index.php?rest_route=%2Fwp%2Fv2%2Fcomments&post=3713"}],"wp:featuredmedia":[{"embeddable":true,"href":"http:\/\/optimusmutfak.com\/index.php?rest_route=\/wp\/v2\/media\/3642"}],"wp:attachment":[{"href":"http:\/\/optimusmutfak.com\/index.php?rest_route=%2Fwp%2Fv2%2Fmedia&parent=3713"}],"wp:term":[{"taxonomy":"product_cat","embeddable":true,"href":"http:\/\/optimusmutfak.com\/index.php?rest_route=%2Fwp%2Fv2%2Fproduct_cat&post=3713"},{"taxonomy":"product_tag","embeddable":true,"href":"http:\/\/optimusmutfak.com\/index.php?rest_route=%2Fwp%2Fv2%2Fproduct_tag&post=3713"}],"curies":[{"name":"wp","href":"https:\/\/api.w.org\/{rel}","templated":true}]}}