{"id":3712,"date":"2023-06-20T21:19:13","date_gmt":"2023-06-20T21:19:13","guid":{"rendered":"http:\/\/optimusmutfak.com\/?product=32253-ghost-zero-belly-kirmizi-sarap"},"modified":"2023-06-20T21:23:27","modified_gmt":"2023-06-20T21:23:27","slug":"32253-ghost-zero-belly-kirmizi-sarap","status":"publish","type":"product","link":"http:\/\/optimusmutfak.com\/?product=32253-ghost-zero-belly-kirmizi-sarap","title":{"rendered":"32253 Ghost Zero Belly K\u0131rm\u0131z\u0131 \u015earap"},"content":{"rendered":"<p>32253 \u2013 1107766<br \/>\nH: 211 mm 8 1\/4&#8243;<br \/>\nT: 99 mm 4&#8221;<br \/>\nV: 720 cc 24 1\/4 oz<\/p>\n","protected":false},"excerpt":{"rendered":"<p>32253 GHOST ZERO BELLY KIRMIZI \u015eARAP<\/p>\n","protected":false},"featured_media":3656,"comment_status":"open","ping_status":"closed","template":"","meta":{"saved_in_kubio":false,"_eb_attr":""},"product_cat":[23],"product_tag":[81],"class_list":{"0":"post-3712","1":"product","2":"type-product","3":"status-publish","4":"has-post-thumbnail","6":"product_cat-nudeglass","7":"product_tag-begenilenler","9":"first","10":"instock","11":"shipping-taxable","12":"purchasable","13":"product-type-simple"},"_links":{"self":[{"href":"http:\/\/optimusmutfak.com\/index.php?rest_route=\/wp\/v2\/product\/3712","targetHints":{"allow":["GET"]}}],"collection":[{"href":"http:\/\/optimusmutfak.com\/index.php?rest_route=\/wp\/v2\/product"}],"about":[{"href":"http:\/\/optimusmutfak.com\/index.php?rest_route=\/wp\/v2\/types\/product"}],"replies":[{"embeddable":true,"href":"http:\/\/optimusmutfak.com\/index.php?rest_route=%2Fwp%2Fv2%2Fcomments&post=3712"}],"wp:featuredmedia":[{"embeddable":true,"href":"http:\/\/optimusmutfak.com\/index.php?rest_route=\/wp\/v2\/media\/3656"}],"wp:attachment":[{"href":"http:\/\/optimusmutfak.com\/index.php?rest_route=%2Fwp%2Fv2%2Fmedia&parent=3712"}],"wp:term":[{"taxonomy":"product_cat","embeddable":true,"href":"http:\/\/optimusmutfak.com\/index.php?rest_route=%2Fwp%2Fv2%2Fproduct_cat&post=3712"},{"taxonomy":"product_tag","embeddable":true,"href":"http:\/\/optimusmutfak.com\/index.php?rest_route=%2Fwp%2Fv2%2Fproduct_tag&post=3712"}],"curies":[{"name":"wp","href":"https:\/\/api.w.org\/{rel}","templated":true}]}}