{"id":3702,"date":"2023-06-20T21:19:13","date_gmt":"2023-06-20T21:19:13","guid":{"rendered":"http:\/\/optimusmutfak.com\/?product=32160-stem-zero-master-kirmizi-sarap"},"modified":"2023-06-20T21:19:13","modified_gmt":"2023-06-20T21:19:13","slug":"32160-stem-zero-master-kirmizi-sarap","status":"publish","type":"product","link":"http:\/\/optimusmutfak.com\/?product=32160-stem-zero-master-kirmizi-sarap","title":{"rendered":"32160 Stem Zero Master K\u0131rm\u0131z\u0131 \u015earap"},"content":{"rendered":"<p>32160 \u2013 1107269<br \/>\nH: 220 mm 8 3\/4&#8243;<br \/>\nT: 63 mm 2 1\/2&#8243;<br \/>\nV: 420 cc 14 1\/4 oz<\/p>\n","protected":false},"excerpt":{"rendered":"<p>32160 STEM ZERO MASTER KIRMIZI \u015eARAP<\/p>\n","protected":false},"featured_media":3651,"comment_status":"open","ping_status":"closed","template":"","meta":{"saved_in_kubio":false,"_eb_attr":""},"product_cat":[23],"product_tag":[],"class_list":{"0":"post-3702","1":"product","2":"type-product","3":"status-publish","4":"has-post-thumbnail","6":"product_cat-nudeglass","8":"first","9":"instock","10":"shipping-taxable","11":"purchasable","12":"product-type-simple"},"_links":{"self":[{"href":"http:\/\/optimusmutfak.com\/index.php?rest_route=\/wp\/v2\/product\/3702","targetHints":{"allow":["GET"]}}],"collection":[{"href":"http:\/\/optimusmutfak.com\/index.php?rest_route=\/wp\/v2\/product"}],"about":[{"href":"http:\/\/optimusmutfak.com\/index.php?rest_route=\/wp\/v2\/types\/product"}],"replies":[{"embeddable":true,"href":"http:\/\/optimusmutfak.com\/index.php?rest_route=%2Fwp%2Fv2%2Fcomments&post=3702"}],"wp:featuredmedia":[{"embeddable":true,"href":"http:\/\/optimusmutfak.com\/index.php?rest_route=\/wp\/v2\/media\/3651"}],"wp:attachment":[{"href":"http:\/\/optimusmutfak.com\/index.php?rest_route=%2Fwp%2Fv2%2Fmedia&parent=3702"}],"wp:term":[{"taxonomy":"product_cat","embeddable":true,"href":"http:\/\/optimusmutfak.com\/index.php?rest_route=%2Fwp%2Fv2%2Fproduct_cat&post=3702"},{"taxonomy":"product_tag","embeddable":true,"href":"http:\/\/optimusmutfak.com\/index.php?rest_route=%2Fwp%2Fv2%2Fproduct_tag&post=3702"}],"curies":[{"name":"wp","href":"https:\/\/api.w.org\/{rel}","templated":true}]}}