{"id":3676,"date":"2023-06-20T21:19:07","date_gmt":"2023-06-20T21:19:07","guid":{"rendered":"http:\/\/optimusmutfak.com\/?product=67098-reserva-kirmizi-sarap"},"modified":"2023-06-20T21:19:07","modified_gmt":"2023-06-20T21:19:07","slug":"67098-reserva-kirmizi-sarap","status":"publish","type":"product","link":"http:\/\/optimusmutfak.com\/?product=67098-reserva-kirmizi-sarap","title":{"rendered":"67098 Reserva K\u0131rm\u0131z\u0131 \u015earap"},"content":{"rendered":"<p>67098 \u2013 1080837<br \/>\nH: 209.5 mm 8 1\/4\u201d<br \/>\nT: 80 mm 3 1\/4\u201d<br \/>\nV: 575 cc 19 1\/2 oz<\/p>\n","protected":false},"excerpt":{"rendered":"<p>67098 RESERVA KIRMIZI \u015eARAP<\/p>\n","protected":false},"featured_media":3509,"comment_status":"open","ping_status":"closed","template":"","meta":{"saved_in_kubio":false,"_eb_attr":""},"product_cat":[23],"product_tag":[],"class_list":{"0":"post-3676","1":"product","2":"type-product","3":"status-publish","4":"has-post-thumbnail","6":"product_cat-nudeglass","8":"first","9":"instock","10":"shipping-taxable","11":"purchasable","12":"product-type-simple"},"_links":{"self":[{"href":"http:\/\/optimusmutfak.com\/index.php?rest_route=\/wp\/v2\/product\/3676","targetHints":{"allow":["GET"]}}],"collection":[{"href":"http:\/\/optimusmutfak.com\/index.php?rest_route=\/wp\/v2\/product"}],"about":[{"href":"http:\/\/optimusmutfak.com\/index.php?rest_route=\/wp\/v2\/types\/product"}],"replies":[{"embeddable":true,"href":"http:\/\/optimusmutfak.com\/index.php?rest_route=%2Fwp%2Fv2%2Fcomments&post=3676"}],"wp:featuredmedia":[{"embeddable":true,"href":"http:\/\/optimusmutfak.com\/index.php?rest_route=\/wp\/v2\/media\/3509"}],"wp:attachment":[{"href":"http:\/\/optimusmutfak.com\/index.php?rest_route=%2Fwp%2Fv2%2Fmedia&parent=3676"}],"wp:term":[{"taxonomy":"product_cat","embeddable":true,"href":"http:\/\/optimusmutfak.com\/index.php?rest_route=%2Fwp%2Fv2%2Fproduct_cat&post=3676"},{"taxonomy":"product_tag","embeddable":true,"href":"http:\/\/optimusmutfak.com\/index.php?rest_route=%2Fwp%2Fv2%2Fproduct_tag&post=3676"}],"curies":[{"name":"wp","href":"https:\/\/api.w.org\/{rel}","templated":true}]}}