{"id":3665,"date":"2023-06-20T21:19:06","date_gmt":"2023-06-20T21:19:06","guid":{"rendered":"http:\/\/optimusmutfak.com\/?product=24357s-egoist-puro-kullugu-siyah"},"modified":"2023-06-20T21:19:06","modified_gmt":"2023-06-20T21:19:06","slug":"24357s-egoist-puro-kullugu-siyah","status":"publish","type":"product","link":"http:\/\/optimusmutfak.com\/?product=24357s-egoist-puro-kullugu-siyah","title":{"rendered":"24357S Egoist Puro K\u00fcll\u00fc\u011f\u00fc (Siyah)"},"content":{"rendered":"<p>24357 \u2013 1050742<br \/>\nH: 40 mm 1 1\/2&#8243;<br \/>\nT: 130*180 mm 5&#8221; * 7&#8221;<\/p>\n","protected":false},"excerpt":{"rendered":"<p>24357S EGO\u0130ST PURO K\u00dcLL\u00dc\u011e\u00dc (S\u0130YAH)<\/p>\n","protected":false},"featured_media":3354,"comment_status":"open","ping_status":"closed","template":"","meta":{"saved_in_kubio":false,"_eb_attr":""},"product_cat":[23],"product_tag":[],"class_list":{"0":"post-3665","1":"product","2":"type-product","3":"status-publish","4":"has-post-thumbnail","6":"product_cat-nudeglass","8":"first","9":"instock","10":"shipping-taxable","11":"purchasable","12":"product-type-simple"},"_links":{"self":[{"href":"http:\/\/optimusmutfak.com\/index.php?rest_route=\/wp\/v2\/product\/3665","targetHints":{"allow":["GET"]}}],"collection":[{"href":"http:\/\/optimusmutfak.com\/index.php?rest_route=\/wp\/v2\/product"}],"about":[{"href":"http:\/\/optimusmutfak.com\/index.php?rest_route=\/wp\/v2\/types\/product"}],"replies":[{"embeddable":true,"href":"http:\/\/optimusmutfak.com\/index.php?rest_route=%2Fwp%2Fv2%2Fcomments&post=3665"}],"wp:featuredmedia":[{"embeddable":true,"href":"http:\/\/optimusmutfak.com\/index.php?rest_route=\/wp\/v2\/media\/3354"}],"wp:attachment":[{"href":"http:\/\/optimusmutfak.com\/index.php?rest_route=%2Fwp%2Fv2%2Fmedia&parent=3665"}],"wp:term":[{"taxonomy":"product_cat","embeddable":true,"href":"http:\/\/optimusmutfak.com\/index.php?rest_route=%2Fwp%2Fv2%2Fproduct_cat&post=3665"},{"taxonomy":"product_tag","embeddable":true,"href":"http:\/\/optimusmutfak.com\/index.php?rest_route=%2Fwp%2Fv2%2Fproduct_tag&post=3665"}],"curies":[{"name":"wp","href":"https:\/\/api.w.org\/{rel}","templated":true}]}}