{"id":3663,"date":"2023-06-20T21:19:06","date_gmt":"2023-06-20T21:19:06","guid":{"rendered":"http:\/\/optimusmutfak.com\/?product=24356s-altruist-puro-kullugu-siyah"},"modified":"2023-06-20T21:19:06","modified_gmt":"2023-06-20T21:19:06","slug":"24356s-altruist-puro-kullugu-siyah","status":"publish","type":"product","link":"http:\/\/optimusmutfak.com\/?product=24356s-altruist-puro-kullugu-siyah","title":{"rendered":"24356S Altruist Puro K\u00fcll\u00fc\u011f\u00fc (Siyah)"},"content":{"rendered":"<p>24356 \u2013 1050746<br \/>\nH: 35 mm 1 1\/2&#8243;<br \/>\nT: 150 mm 6&#8243;<\/p>\n","protected":false},"excerpt":{"rendered":"<p>24356S ALTRU\u0130ST PURO K\u00dcLL\u00dc\u011e\u00dc (S\u0130YAH)<\/p>\n","protected":false},"featured_media":3355,"comment_status":"open","ping_status":"closed","template":"","meta":{"saved_in_kubio":false,"_eb_attr":""},"product_cat":[23],"product_tag":[],"class_list":{"0":"post-3663","1":"product","2":"type-product","3":"status-publish","4":"has-post-thumbnail","6":"product_cat-nudeglass","8":"first","9":"instock","10":"shipping-taxable","11":"purchasable","12":"product-type-simple"},"_links":{"self":[{"href":"http:\/\/optimusmutfak.com\/index.php?rest_route=\/wp\/v2\/product\/3663","targetHints":{"allow":["GET"]}}],"collection":[{"href":"http:\/\/optimusmutfak.com\/index.php?rest_route=\/wp\/v2\/product"}],"about":[{"href":"http:\/\/optimusmutfak.com\/index.php?rest_route=\/wp\/v2\/types\/product"}],"replies":[{"embeddable":true,"href":"http:\/\/optimusmutfak.com\/index.php?rest_route=%2Fwp%2Fv2%2Fcomments&post=3663"}],"wp:featuredmedia":[{"embeddable":true,"href":"http:\/\/optimusmutfak.com\/index.php?rest_route=\/wp\/v2\/media\/3355"}],"wp:attachment":[{"href":"http:\/\/optimusmutfak.com\/index.php?rest_route=%2Fwp%2Fv2%2Fmedia&parent=3663"}],"wp:term":[{"taxonomy":"product_cat","embeddable":true,"href":"http:\/\/optimusmutfak.com\/index.php?rest_route=%2Fwp%2Fv2%2Fproduct_cat&post=3663"},{"taxonomy":"product_tag","embeddable":true,"href":"http:\/\/optimusmutfak.com\/index.php?rest_route=%2Fwp%2Fv2%2Fproduct_tag&post=3663"}],"curies":[{"name":"wp","href":"https:\/\/api.w.org\/{rel}","templated":true}]}}