{"id":3661,"date":"2023-06-20T21:19:06","date_gmt":"2023-06-20T21:19:06","guid":{"rendered":"http:\/\/optimusmutfak.com\/?product=68279-hepburn-karistirma-kabi"},"modified":"2023-06-20T21:19:06","modified_gmt":"2023-06-20T21:19:06","slug":"68279-hepburn-karistirma-kabi","status":"publish","type":"product","link":"http:\/\/optimusmutfak.com\/?product=68279-hepburn-karistirma-kabi","title":{"rendered":"68279 Hepburn Kar\u0131\u015ft\u0131rma Kab\u0131"},"content":{"rendered":"<p>68279 \u2013 1100878<br \/>\nH: 190 mm 7 1\/2&#8243;<br \/>\nT: 96.5 mm 3 3\/4&#8243;<br \/>\nV: 650 cc 22 oz<\/p>\n","protected":false},"excerpt":{"rendered":"<p>68279 HEPBURN KARI\u015eTIRMA KABI<\/p>\n","protected":false},"featured_media":3634,"comment_status":"open","ping_status":"closed","template":"","meta":{"saved_in_kubio":false,"_eb_attr":""},"product_cat":[23],"product_tag":[],"class_list":{"0":"post-3661","1":"product","2":"type-product","3":"status-publish","4":"has-post-thumbnail","6":"product_cat-nudeglass","8":"first","9":"instock","10":"shipping-taxable","11":"purchasable","12":"product-type-simple"},"_links":{"self":[{"href":"http:\/\/optimusmutfak.com\/index.php?rest_route=\/wp\/v2\/product\/3661","targetHints":{"allow":["GET"]}}],"collection":[{"href":"http:\/\/optimusmutfak.com\/index.php?rest_route=\/wp\/v2\/product"}],"about":[{"href":"http:\/\/optimusmutfak.com\/index.php?rest_route=\/wp\/v2\/types\/product"}],"replies":[{"embeddable":true,"href":"http:\/\/optimusmutfak.com\/index.php?rest_route=%2Fwp%2Fv2%2Fcomments&post=3661"}],"wp:featuredmedia":[{"embeddable":true,"href":"http:\/\/optimusmutfak.com\/index.php?rest_route=\/wp\/v2\/media\/3634"}],"wp:attachment":[{"href":"http:\/\/optimusmutfak.com\/index.php?rest_route=%2Fwp%2Fv2%2Fmedia&parent=3661"}],"wp:term":[{"taxonomy":"product_cat","embeddable":true,"href":"http:\/\/optimusmutfak.com\/index.php?rest_route=%2Fwp%2Fv2%2Fproduct_cat&post=3661"},{"taxonomy":"product_tag","embeddable":true,"href":"http:\/\/optimusmutfak.com\/index.php?rest_route=%2Fwp%2Fv2%2Fproduct_tag&post=3661"}],"curies":[{"name":"wp","href":"https:\/\/api.w.org\/{rel}","templated":true}]}}