{"id":2635,"date":"2023-06-15T20:54:55","date_gmt":"2023-06-15T20:54:55","guid":{"rendered":"http:\/\/optimusmutfak.com\/?product=retro-gourmet-konsome-kase-tabagi-17-cm"},"modified":"2023-06-15T20:54:55","modified_gmt":"2023-06-15T20:54:55","slug":"retro-gourmet-konsome-kase-tabagi-17-cm","status":"publish","type":"product","link":"http:\/\/optimusmutfak.com\/?product=retro-gourmet-konsome-kase-tabagi-17-cm","title":{"rendered":"Retro Gourmet Konsome Kase Taba\u011f\u0131 17 cm"},"content":{"rendered":"","protected":false},"excerpt":{"rendered":"<p>RETRO GOURMET KONSOME KASE TABA\u011eI 17 CM<\/p>\n","protected":false},"featured_media":2601,"comment_status":"open","ping_status":"closed","template":"","meta":{"saved_in_kubio":false,"_eb_attr":""},"product_cat":[80],"product_tag":[],"class_list":{"0":"post-2635","1":"product","2":"type-product","3":"status-publish","4":"has-post-thumbnail","6":"product_cat-retro","8":"first","9":"instock","10":"shipping-taxable","11":"purchasable","12":"product-type-simple"},"_links":{"self":[{"href":"http:\/\/optimusmutfak.com\/index.php?rest_route=\/wp\/v2\/product\/2635","targetHints":{"allow":["GET"]}}],"collection":[{"href":"http:\/\/optimusmutfak.com\/index.php?rest_route=\/wp\/v2\/product"}],"about":[{"href":"http:\/\/optimusmutfak.com\/index.php?rest_route=\/wp\/v2\/types\/product"}],"replies":[{"embeddable":true,"href":"http:\/\/optimusmutfak.com\/index.php?rest_route=%2Fwp%2Fv2%2Fcomments&post=2635"}],"wp:featuredmedia":[{"embeddable":true,"href":"http:\/\/optimusmutfak.com\/index.php?rest_route=\/wp\/v2\/media\/2601"}],"wp:attachment":[{"href":"http:\/\/optimusmutfak.com\/index.php?rest_route=%2Fwp%2Fv2%2Fmedia&parent=2635"}],"wp:term":[{"taxonomy":"product_cat","embeddable":true,"href":"http:\/\/optimusmutfak.com\/index.php?rest_route=%2Fwp%2Fv2%2Fproduct_cat&post=2635"},{"taxonomy":"product_tag","embeddable":true,"href":"http:\/\/optimusmutfak.com\/index.php?rest_route=%2Fwp%2Fv2%2Fproduct_tag&post=2635"}],"curies":[{"name":"wp","href":"https:\/\/api.w.org\/{rel}","templated":true}]}}