{"id":2620,"date":"2023-06-15T20:54:51","date_gmt":"2023-06-15T20:54:51","guid":{"rendered":"http:\/\/optimusmutfak.com\/?product=retro-banquet-kurdanlik-45-cm-y5-cm"},"modified":"2023-06-15T20:54:51","modified_gmt":"2023-06-15T20:54:51","slug":"retro-banquet-kurdanlik-45-cm-y5-cm","status":"publish","type":"product","link":"http:\/\/optimusmutfak.com\/?product=retro-banquet-kurdanlik-45-cm-y5-cm","title":{"rendered":"Retro Banquet K\u00fcrdanl\u0131k 4,5 cm y:5 cm"},"content":{"rendered":"","protected":false},"excerpt":{"rendered":"<p>RETRO BANQUET K\u00dcRDANLIK 4,5 CM Y:5 CM<\/p>\n","protected":false},"featured_media":2586,"comment_status":"open","ping_status":"closed","template":"","meta":{"saved_in_kubio":false,"_eb_attr":""},"product_cat":[80],"product_tag":[],"class_list":{"0":"post-2620","1":"product","2":"type-product","3":"status-publish","4":"has-post-thumbnail","6":"product_cat-retro","8":"first","9":"instock","10":"shipping-taxable","11":"purchasable","12":"product-type-simple"},"_links":{"self":[{"href":"http:\/\/optimusmutfak.com\/index.php?rest_route=\/wp\/v2\/product\/2620","targetHints":{"allow":["GET"]}}],"collection":[{"href":"http:\/\/optimusmutfak.com\/index.php?rest_route=\/wp\/v2\/product"}],"about":[{"href":"http:\/\/optimusmutfak.com\/index.php?rest_route=\/wp\/v2\/types\/product"}],"replies":[{"embeddable":true,"href":"http:\/\/optimusmutfak.com\/index.php?rest_route=%2Fwp%2Fv2%2Fcomments&post=2620"}],"wp:featuredmedia":[{"embeddable":true,"href":"http:\/\/optimusmutfak.com\/index.php?rest_route=\/wp\/v2\/media\/2586"}],"wp:attachment":[{"href":"http:\/\/optimusmutfak.com\/index.php?rest_route=%2Fwp%2Fv2%2Fmedia&parent=2620"}],"wp:term":[{"taxonomy":"product_cat","embeddable":true,"href":"http:\/\/optimusmutfak.com\/index.php?rest_route=%2Fwp%2Fv2%2Fproduct_cat&post=2620"},{"taxonomy":"product_tag","embeddable":true,"href":"http:\/\/optimusmutfak.com\/index.php?rest_route=%2Fwp%2Fv2%2Fproduct_tag&post=2620"}],"curies":[{"name":"wp","href":"https:\/\/api.w.org\/{rel}","templated":true}]}}