{"id":2548,"date":"2023-06-15T20:49:21","date_gmt":"2023-06-15T20:49:21","guid":{"rendered":"http:\/\/optimusmutfak.com\/?product=nacrous-matt-gourmet-pizza-tabagi-32-cm"},"modified":"2023-06-15T20:49:21","modified_gmt":"2023-06-15T20:49:21","slug":"nacrous-matt-gourmet-pizza-tabagi-32-cm","status":"publish","type":"product","link":"http:\/\/optimusmutfak.com\/?product=nacrous-matt-gourmet-pizza-tabagi-32-cm","title":{"rendered":"Nacrous Matt Gourmet Pizza Taba\u011f\u0131 32 cm"},"content":{"rendered":"","protected":false},"excerpt":{"rendered":"<p>NACROUS MATT GOURMET P\u0130ZZA TABA\u011eI 32 CM<\/p>\n","protected":false},"featured_media":599,"comment_status":"open","ping_status":"closed","template":"","meta":{"saved_in_kubio":false,"_eb_attr":""},"product_cat":[79],"product_tag":[],"class_list":{"0":"post-2548","1":"product","2":"type-product","3":"status-publish","4":"has-post-thumbnail","6":"product_cat-nacrous","8":"first","9":"instock","10":"shipping-taxable","11":"purchasable","12":"product-type-simple"},"_links":{"self":[{"href":"http:\/\/optimusmutfak.com\/index.php?rest_route=\/wp\/v2\/product\/2548","targetHints":{"allow":["GET"]}}],"collection":[{"href":"http:\/\/optimusmutfak.com\/index.php?rest_route=\/wp\/v2\/product"}],"about":[{"href":"http:\/\/optimusmutfak.com\/index.php?rest_route=\/wp\/v2\/types\/product"}],"replies":[{"embeddable":true,"href":"http:\/\/optimusmutfak.com\/index.php?rest_route=%2Fwp%2Fv2%2Fcomments&post=2548"}],"wp:featuredmedia":[{"embeddable":true,"href":"http:\/\/optimusmutfak.com\/index.php?rest_route=\/wp\/v2\/media\/599"}],"wp:attachment":[{"href":"http:\/\/optimusmutfak.com\/index.php?rest_route=%2Fwp%2Fv2%2Fmedia&parent=2548"}],"wp:term":[{"taxonomy":"product_cat","embeddable":true,"href":"http:\/\/optimusmutfak.com\/index.php?rest_route=%2Fwp%2Fv2%2Fproduct_cat&post=2548"},{"taxonomy":"product_tag","embeddable":true,"href":"http:\/\/optimusmutfak.com\/index.php?rest_route=%2Fwp%2Fv2%2Fproduct_tag&post=2548"}],"curies":[{"name":"wp","href":"https:\/\/api.w.org\/{rel}","templated":true}]}}