{"id":2522,"date":"2023-06-15T20:46:54","date_gmt":"2023-06-15T20:46:54","guid":{"rendered":"http:\/\/optimusmutfak.com\/?product=cosmos-black-vago-dikdortgen-tabak-36-cm"},"modified":"2023-06-18T19:17:37","modified_gmt":"2023-06-18T19:17:37","slug":"cosmos-black-vago-dikdortgen-tabak-36-cm","status":"publish","type":"product","link":"http:\/\/optimusmutfak.com\/?product=cosmos-black-vago-dikdortgen-tabak-36-cm","title":{"rendered":"Cosmos Black Vago Dikd\u00f6rtgen Tabak 36 cm"},"content":{"rendered":"","protected":false},"excerpt":{"rendered":"<p>COSMOS BLACK VAGO D\u0130KD\u00d6RTGEN TABAK 36 CM<\/p>\n","protected":false},"featured_media":386,"comment_status":"open","ping_status":"closed","template":"","meta":{"saved_in_kubio":false,"_eb_attr":""},"product_cat":[78],"product_tag":[81],"class_list":{"0":"post-2522","1":"product","2":"type-product","3":"status-publish","4":"has-post-thumbnail","6":"product_cat-cosmos","7":"product_tag-begenilenler","9":"first","10":"instock","11":"featured","12":"shipping-taxable","13":"purchasable","14":"product-type-simple"},"_links":{"self":[{"href":"http:\/\/optimusmutfak.com\/index.php?rest_route=\/wp\/v2\/product\/2522","targetHints":{"allow":["GET"]}}],"collection":[{"href":"http:\/\/optimusmutfak.com\/index.php?rest_route=\/wp\/v2\/product"}],"about":[{"href":"http:\/\/optimusmutfak.com\/index.php?rest_route=\/wp\/v2\/types\/product"}],"replies":[{"embeddable":true,"href":"http:\/\/optimusmutfak.com\/index.php?rest_route=%2Fwp%2Fv2%2Fcomments&post=2522"}],"wp:featuredmedia":[{"embeddable":true,"href":"http:\/\/optimusmutfak.com\/index.php?rest_route=\/wp\/v2\/media\/386"}],"wp:attachment":[{"href":"http:\/\/optimusmutfak.com\/index.php?rest_route=%2Fwp%2Fv2%2Fmedia&parent=2522"}],"wp:term":[{"taxonomy":"product_cat","embeddable":true,"href":"http:\/\/optimusmutfak.com\/index.php?rest_route=%2Fwp%2Fv2%2Fproduct_cat&post=2522"},{"taxonomy":"product_tag","embeddable":true,"href":"http:\/\/optimusmutfak.com\/index.php?rest_route=%2Fwp%2Fv2%2Fproduct_tag&post=2522"}],"curies":[{"name":"wp","href":"https:\/\/api.w.org\/{rel}","templated":true}]}}