{"id":2442,"date":"2023-06-15T20:44:30","date_gmt":"2023-06-15T20:44:30","guid":{"rendered":"http:\/\/optimusmutfak.com\/?product=alhambra-gourmet-konsome-kase-tabagi-19-cm"},"modified":"2023-06-15T20:44:30","modified_gmt":"2023-06-15T20:44:30","slug":"alhambra-gourmet-konsome-kase-tabagi-19-cm","status":"publish","type":"product","link":"http:\/\/optimusmutfak.com\/?product=alhambra-gourmet-konsome-kase-tabagi-19-cm","title":{"rendered":"Alhambra Gourmet Konsome Kase Taba\u011f\u0131 19 cm"},"content":{"rendered":"","protected":false},"excerpt":{"rendered":"<p>ALHAMBRA GOURMET KONSOME KASE TABA\u011eI 19 CM<\/p>\n","protected":false},"featured_media":245,"comment_status":"open","ping_status":"closed","template":"","meta":{"saved_in_kubio":false,"_eb_attr":""},"product_cat":[77],"product_tag":[],"class_list":{"0":"post-2442","1":"product","2":"type-product","3":"status-publish","4":"has-post-thumbnail","6":"product_cat-alhambra","8":"first","9":"instock","10":"shipping-taxable","11":"purchasable","12":"product-type-simple"},"_links":{"self":[{"href":"http:\/\/optimusmutfak.com\/index.php?rest_route=\/wp\/v2\/product\/2442","targetHints":{"allow":["GET"]}}],"collection":[{"href":"http:\/\/optimusmutfak.com\/index.php?rest_route=\/wp\/v2\/product"}],"about":[{"href":"http:\/\/optimusmutfak.com\/index.php?rest_route=\/wp\/v2\/types\/product"}],"replies":[{"embeddable":true,"href":"http:\/\/optimusmutfak.com\/index.php?rest_route=%2Fwp%2Fv2%2Fcomments&post=2442"}],"wp:featuredmedia":[{"embeddable":true,"href":"http:\/\/optimusmutfak.com\/index.php?rest_route=\/wp\/v2\/media\/245"}],"wp:attachment":[{"href":"http:\/\/optimusmutfak.com\/index.php?rest_route=%2Fwp%2Fv2%2Fmedia&parent=2442"}],"wp:term":[{"taxonomy":"product_cat","embeddable":true,"href":"http:\/\/optimusmutfak.com\/index.php?rest_route=%2Fwp%2Fv2%2Fproduct_cat&post=2442"},{"taxonomy":"product_tag","embeddable":true,"href":"http:\/\/optimusmutfak.com\/index.php?rest_route=%2Fwp%2Fv2%2Fproduct_tag&post=2442"}],"curies":[{"name":"wp","href":"https:\/\/api.w.org\/{rel}","templated":true}]}}