{"id":2373,"date":"2023-06-15T20:15:40","date_gmt":"2023-06-15T20:15:40","guid":{"rendered":"http:\/\/optimusmutfak.com\/?product=sepia-mid-white-gourmet-cukur-tabak-24-cm-400-cc"},"modified":"2023-06-15T20:15:40","modified_gmt":"2023-06-15T20:15:40","slug":"sepia-mid-white-gourmet-cukur-tabak-24-cm-400-cc","status":"publish","type":"product","link":"http:\/\/optimusmutfak.com\/?product=sepia-mid-white-gourmet-cukur-tabak-24-cm-400-cc","title":{"rendered":"Sepia Mid White Gourmet \u00c7ukur Tabak 24 cm 400 cc"},"content":{"rendered":"","protected":false},"excerpt":{"rendered":"<p>SEP\u0130A M\u0130D WH\u0130TE GOURMET \u00c7UKUR TABAK 24 CM 400 CC<\/p>\n","protected":false},"featured_media":1250,"comment_status":"open","ping_status":"closed","template":"","meta":{"saved_in_kubio":false,"_eb_attr":""},"product_cat":[75],"product_tag":[],"class_list":{"0":"post-2373","1":"product","2":"type-product","3":"status-publish","4":"has-post-thumbnail","6":"product_cat-sepia","8":"first","9":"instock","10":"shipping-taxable","11":"purchasable","12":"product-type-simple"},"_links":{"self":[{"href":"http:\/\/optimusmutfak.com\/index.php?rest_route=\/wp\/v2\/product\/2373","targetHints":{"allow":["GET"]}}],"collection":[{"href":"http:\/\/optimusmutfak.com\/index.php?rest_route=\/wp\/v2\/product"}],"about":[{"href":"http:\/\/optimusmutfak.com\/index.php?rest_route=\/wp\/v2\/types\/product"}],"replies":[{"embeddable":true,"href":"http:\/\/optimusmutfak.com\/index.php?rest_route=%2Fwp%2Fv2%2Fcomments&post=2373"}],"wp:featuredmedia":[{"embeddable":true,"href":"http:\/\/optimusmutfak.com\/index.php?rest_route=\/wp\/v2\/media\/1250"}],"wp:attachment":[{"href":"http:\/\/optimusmutfak.com\/index.php?rest_route=%2Fwp%2Fv2%2Fmedia&parent=2373"}],"wp:term":[{"taxonomy":"product_cat","embeddable":true,"href":"http:\/\/optimusmutfak.com\/index.php?rest_route=%2Fwp%2Fv2%2Fproduct_cat&post=2373"},{"taxonomy":"product_tag","embeddable":true,"href":"http:\/\/optimusmutfak.com\/index.php?rest_route=%2Fwp%2Fv2%2Fproduct_tag&post=2373"}],"curies":[{"name":"wp","href":"https:\/\/api.w.org\/{rel}","templated":true}]}}