{"id":2330,"date":"2023-06-15T20:11:56","date_gmt":"2023-06-15T20:11:56","guid":{"rendered":"http:\/\/optimusmutfak.com\/?product=madera-mint-moove-dikdortgen-tabak-3625-cm"},"modified":"2023-06-15T20:11:56","modified_gmt":"2023-06-15T20:11:56","slug":"madera-mint-moove-dikdortgen-tabak-3625-cm","status":"publish","type":"product","link":"http:\/\/optimusmutfak.com\/?product=madera-mint-moove-dikdortgen-tabak-3625-cm","title":{"rendered":"Madera Mint Moove Dikd\u00f6rtgen Tabak 36*25 cm"},"content":{"rendered":"","protected":false},"excerpt":{"rendered":"<p>MADERA M\u0130NT MOOVE D\u0130KD\u00d6RTGEN TABAK 36*25 CM<\/p>\n","protected":false},"featured_media":561,"comment_status":"open","ping_status":"closed","template":"","meta":{"saved_in_kubio":false,"_eb_attr":""},"product_cat":[74],"product_tag":[],"class_list":{"0":"post-2330","1":"product","2":"type-product","3":"status-publish","4":"has-post-thumbnail","6":"product_cat-madera","8":"first","9":"instock","10":"shipping-taxable","11":"purchasable","12":"product-type-simple"},"_links":{"self":[{"href":"http:\/\/optimusmutfak.com\/index.php?rest_route=\/wp\/v2\/product\/2330","targetHints":{"allow":["GET"]}}],"collection":[{"href":"http:\/\/optimusmutfak.com\/index.php?rest_route=\/wp\/v2\/product"}],"about":[{"href":"http:\/\/optimusmutfak.com\/index.php?rest_route=\/wp\/v2\/types\/product"}],"replies":[{"embeddable":true,"href":"http:\/\/optimusmutfak.com\/index.php?rest_route=%2Fwp%2Fv2%2Fcomments&post=2330"}],"wp:featuredmedia":[{"embeddable":true,"href":"http:\/\/optimusmutfak.com\/index.php?rest_route=\/wp\/v2\/media\/561"}],"wp:attachment":[{"href":"http:\/\/optimusmutfak.com\/index.php?rest_route=%2Fwp%2Fv2%2Fmedia&parent=2330"}],"wp:term":[{"taxonomy":"product_cat","embeddable":true,"href":"http:\/\/optimusmutfak.com\/index.php?rest_route=%2Fwp%2Fv2%2Fproduct_cat&post=2330"},{"taxonomy":"product_tag","embeddable":true,"href":"http:\/\/optimusmutfak.com\/index.php?rest_route=%2Fwp%2Fv2%2Fproduct_tag&post=2330"}],"curies":[{"name":"wp","href":"https:\/\/api.w.org\/{rel}","templated":true}]}}