{"id":2302,"date":"2023-06-15T20:11:52","date_gmt":"2023-06-15T20:11:52","guid":{"rendered":"http:\/\/optimusmutfak.com\/?product=madera-mint-gourmet-cukur-tabak-15-cm-330-cc"},"modified":"2023-06-15T20:11:52","modified_gmt":"2023-06-15T20:11:52","slug":"madera-mint-gourmet-cukur-tabak-15-cm-330-cc","status":"publish","type":"product","link":"http:\/\/optimusmutfak.com\/?product=madera-mint-gourmet-cukur-tabak-15-cm-330-cc","title":{"rendered":"Madera Mint Gourmet \u00c7ukur Tabak 15 cm 330 cc"},"content":{"rendered":"","protected":false},"excerpt":{"rendered":"<p>MADERA M\u0130NT GOURMET \u00c7UKUR TABAK 15 CM 330 CC<\/p>\n","protected":false},"featured_media":533,"comment_status":"open","ping_status":"closed","template":"","meta":{"saved_in_kubio":false,"_eb_attr":""},"product_cat":[74],"product_tag":[],"class_list":{"0":"post-2302","1":"product","2":"type-product","3":"status-publish","4":"has-post-thumbnail","6":"product_cat-madera","8":"first","9":"instock","10":"shipping-taxable","11":"purchasable","12":"product-type-simple"},"_links":{"self":[{"href":"http:\/\/optimusmutfak.com\/index.php?rest_route=\/wp\/v2\/product\/2302","targetHints":{"allow":["GET"]}}],"collection":[{"href":"http:\/\/optimusmutfak.com\/index.php?rest_route=\/wp\/v2\/product"}],"about":[{"href":"http:\/\/optimusmutfak.com\/index.php?rest_route=\/wp\/v2\/types\/product"}],"replies":[{"embeddable":true,"href":"http:\/\/optimusmutfak.com\/index.php?rest_route=%2Fwp%2Fv2%2Fcomments&post=2302"}],"wp:featuredmedia":[{"embeddable":true,"href":"http:\/\/optimusmutfak.com\/index.php?rest_route=\/wp\/v2\/media\/533"}],"wp:attachment":[{"href":"http:\/\/optimusmutfak.com\/index.php?rest_route=%2Fwp%2Fv2%2Fmedia&parent=2302"}],"wp:term":[{"taxonomy":"product_cat","embeddable":true,"href":"http:\/\/optimusmutfak.com\/index.php?rest_route=%2Fwp%2Fv2%2Fproduct_cat&post=2302"},{"taxonomy":"product_tag","embeddable":true,"href":"http:\/\/optimusmutfak.com\/index.php?rest_route=%2Fwp%2Fv2%2Fproduct_tag&post=2302"}],"curies":[{"name":"wp","href":"https:\/\/api.w.org\/{rel}","templated":true}]}}