{"id":2247,"date":"2023-06-15T20:05:35","date_gmt":"2023-06-15T20:05:35","guid":{"rendered":"http:\/\/optimusmutfak.com\/?product=patera-gourmet-kahve-fincan-tabagi-16-cm"},"modified":"2023-06-15T20:05:35","modified_gmt":"2023-06-15T20:05:35","slug":"patera-gourmet-kahve-fincan-tabagi-16-cm","status":"publish","type":"product","link":"http:\/\/optimusmutfak.com\/?product=patera-gourmet-kahve-fincan-tabagi-16-cm","title":{"rendered":"Patera Gourmet Kahve Fincan Taba\u011f\u0131 16 cm"},"content":{"rendered":"","protected":false},"excerpt":{"rendered":"<p>PATERA GOURMET KAHVE F\u0130NCAN TABA\u011eI 16 CM<\/p>\n","protected":false},"featured_media":775,"comment_status":"open","ping_status":"closed","template":"","meta":{"saved_in_kubio":false,"_eb_attr":""},"product_cat":[72],"product_tag":[],"class_list":{"0":"post-2247","1":"product","2":"type-product","3":"status-publish","4":"has-post-thumbnail","6":"product_cat-patera","8":"first","9":"instock","10":"shipping-taxable","11":"purchasable","12":"product-type-simple"},"_links":{"self":[{"href":"http:\/\/optimusmutfak.com\/index.php?rest_route=\/wp\/v2\/product\/2247","targetHints":{"allow":["GET"]}}],"collection":[{"href":"http:\/\/optimusmutfak.com\/index.php?rest_route=\/wp\/v2\/product"}],"about":[{"href":"http:\/\/optimusmutfak.com\/index.php?rest_route=\/wp\/v2\/types\/product"}],"replies":[{"embeddable":true,"href":"http:\/\/optimusmutfak.com\/index.php?rest_route=%2Fwp%2Fv2%2Fcomments&post=2247"}],"wp:featuredmedia":[{"embeddable":true,"href":"http:\/\/optimusmutfak.com\/index.php?rest_route=\/wp\/v2\/media\/775"}],"wp:attachment":[{"href":"http:\/\/optimusmutfak.com\/index.php?rest_route=%2Fwp%2Fv2%2Fmedia&parent=2247"}],"wp:term":[{"taxonomy":"product_cat","embeddable":true,"href":"http:\/\/optimusmutfak.com\/index.php?rest_route=%2Fwp%2Fv2%2Fproduct_cat&post=2247"},{"taxonomy":"product_tag","embeddable":true,"href":"http:\/\/optimusmutfak.com\/index.php?rest_route=%2Fwp%2Fv2%2Fproduct_tag&post=2247"}],"curies":[{"name":"wp","href":"https:\/\/api.w.org\/{rel}","templated":true}]}}