{"id":2209,"date":"2023-06-15T20:02:14","date_gmt":"2023-06-15T20:02:14","guid":{"rendered":"http:\/\/optimusmutfak.com\/?product=calif-bloom-cukur-tabak-28-cm-1700-cc"},"modified":"2023-06-15T20:02:14","modified_gmt":"2023-06-15T20:02:14","slug":"calif-bloom-cukur-tabak-28-cm-1700-cc","status":"publish","type":"product","link":"http:\/\/optimusmutfak.com\/?product=calif-bloom-cukur-tabak-28-cm-1700-cc","title":{"rendered":"Calif Bloom \u00c7ukur Tabak 28 cm 1700 cc"},"content":{"rendered":"","protected":false},"excerpt":{"rendered":"<p>CAL\u0130F BLOOM \u00c7UKUR TABAK 28 CM 1700 CC<\/p>\n","protected":false},"featured_media":295,"comment_status":"open","ping_status":"closed","template":"","meta":{"saved_in_kubio":false,"_eb_attr":""},"product_cat":[71],"product_tag":[],"class_list":{"0":"post-2209","1":"product","2":"type-product","3":"status-publish","4":"has-post-thumbnail","6":"product_cat-calif","8":"first","9":"instock","10":"shipping-taxable","11":"purchasable","12":"product-type-simple"},"_links":{"self":[{"href":"http:\/\/optimusmutfak.com\/index.php?rest_route=\/wp\/v2\/product\/2209","targetHints":{"allow":["GET"]}}],"collection":[{"href":"http:\/\/optimusmutfak.com\/index.php?rest_route=\/wp\/v2\/product"}],"about":[{"href":"http:\/\/optimusmutfak.com\/index.php?rest_route=\/wp\/v2\/types\/product"}],"replies":[{"embeddable":true,"href":"http:\/\/optimusmutfak.com\/index.php?rest_route=%2Fwp%2Fv2%2Fcomments&post=2209"}],"wp:featuredmedia":[{"embeddable":true,"href":"http:\/\/optimusmutfak.com\/index.php?rest_route=\/wp\/v2\/media\/295"}],"wp:attachment":[{"href":"http:\/\/optimusmutfak.com\/index.php?rest_route=%2Fwp%2Fv2%2Fmedia&parent=2209"}],"wp:term":[{"taxonomy":"product_cat","embeddable":true,"href":"http:\/\/optimusmutfak.com\/index.php?rest_route=%2Fwp%2Fv2%2Fproduct_cat&post=2209"},{"taxonomy":"product_tag","embeddable":true,"href":"http:\/\/optimusmutfak.com\/index.php?rest_route=%2Fwp%2Fv2%2Fproduct_tag&post=2209"}],"curies":[{"name":"wp","href":"https:\/\/api.w.org\/{rel}","templated":true}]}}