{"id":2111,"date":"2023-06-15T19:45:01","date_gmt":"2023-06-15T19:45:01","guid":{"rendered":"http:\/\/optimusmutfak.com\/?product=luca-somon-moove-36-cm-oval-servis-tabagi"},"modified":"2023-06-15T19:45:01","modified_gmt":"2023-06-15T19:45:01","slug":"luca-somon-moove-36-cm-oval-servis-tabagi","status":"publish","type":"product","link":"http:\/\/optimusmutfak.com\/?product=luca-somon-moove-36-cm-oval-servis-tabagi","title":{"rendered":"Luca Somon Moove 36 cm Oval Servis Taba\u011f\u0131"},"content":{"rendered":"","protected":false},"excerpt":{"rendered":"<p>LUCA SOMON MOOVE 36 CM OVAL SERV\u0130S TABA\u011eI<\/p>\n","protected":false},"featured_media":973,"comment_status":"open","ping_status":"closed","template":"","meta":{"saved_in_kubio":false,"_eb_attr":""},"product_cat":[67],"product_tag":[],"class_list":{"0":"post-2111","1":"product","2":"type-product","3":"status-publish","4":"has-post-thumbnail","6":"product_cat-luca","8":"first","9":"instock","10":"shipping-taxable","11":"purchasable","12":"product-type-simple"},"_links":{"self":[{"href":"http:\/\/optimusmutfak.com\/index.php?rest_route=\/wp\/v2\/product\/2111","targetHints":{"allow":["GET"]}}],"collection":[{"href":"http:\/\/optimusmutfak.com\/index.php?rest_route=\/wp\/v2\/product"}],"about":[{"href":"http:\/\/optimusmutfak.com\/index.php?rest_route=\/wp\/v2\/types\/product"}],"replies":[{"embeddable":true,"href":"http:\/\/optimusmutfak.com\/index.php?rest_route=%2Fwp%2Fv2%2Fcomments&post=2111"}],"wp:featuredmedia":[{"embeddable":true,"href":"http:\/\/optimusmutfak.com\/index.php?rest_route=\/wp\/v2\/media\/973"}],"wp:attachment":[{"href":"http:\/\/optimusmutfak.com\/index.php?rest_route=%2Fwp%2Fv2%2Fmedia&parent=2111"}],"wp:term":[{"taxonomy":"product_cat","embeddable":true,"href":"http:\/\/optimusmutfak.com\/index.php?rest_route=%2Fwp%2Fv2%2Fproduct_cat&post=2111"},{"taxonomy":"product_tag","embeddable":true,"href":"http:\/\/optimusmutfak.com\/index.php?rest_route=%2Fwp%2Fv2%2Fproduct_tag&post=2111"}],"curies":[{"name":"wp","href":"https:\/\/api.w.org\/{rel}","templated":true}]}}