{"id":2087,"date":"2023-06-15T19:42:33","date_gmt":"2023-06-15T19:42:33","guid":{"rendered":"http:\/\/optimusmutfak.com\/?product=luca-mozaik-rita-acem-cay-tabagi-11-cm"},"modified":"2023-06-15T19:42:33","modified_gmt":"2023-06-15T19:42:33","slug":"luca-mozaik-rita-acem-cay-tabagi-11-cm","status":"publish","type":"product","link":"http:\/\/optimusmutfak.com\/?product=luca-mozaik-rita-acem-cay-tabagi-11-cm","title":{"rendered":"Luca Mozaik Rita Acem \u00c7ay Taba\u011f\u0131 11 cm"},"content":{"rendered":"","protected":false},"excerpt":{"rendered":"<p>LUCA MOZA\u0130K R\u0130TA ACEM \u00c7AY TABA\u011eI 11 CM<\/p>\n","protected":false},"featured_media":944,"comment_status":"open","ping_status":"closed","template":"","meta":{"saved_in_kubio":false,"_eb_attr":""},"product_cat":[66],"product_tag":[],"class_list":{"0":"post-2087","1":"product","2":"type-product","3":"status-publish","4":"has-post-thumbnail","6":"product_cat-luca-mosaic","8":"first","9":"instock","10":"shipping-taxable","11":"purchasable","12":"product-type-simple"},"_links":{"self":[{"href":"http:\/\/optimusmutfak.com\/index.php?rest_route=\/wp\/v2\/product\/2087","targetHints":{"allow":["GET"]}}],"collection":[{"href":"http:\/\/optimusmutfak.com\/index.php?rest_route=\/wp\/v2\/product"}],"about":[{"href":"http:\/\/optimusmutfak.com\/index.php?rest_route=\/wp\/v2\/types\/product"}],"replies":[{"embeddable":true,"href":"http:\/\/optimusmutfak.com\/index.php?rest_route=%2Fwp%2Fv2%2Fcomments&post=2087"}],"wp:featuredmedia":[{"embeddable":true,"href":"http:\/\/optimusmutfak.com\/index.php?rest_route=\/wp\/v2\/media\/944"}],"wp:attachment":[{"href":"http:\/\/optimusmutfak.com\/index.php?rest_route=%2Fwp%2Fv2%2Fmedia&parent=2087"}],"wp:term":[{"taxonomy":"product_cat","embeddable":true,"href":"http:\/\/optimusmutfak.com\/index.php?rest_route=%2Fwp%2Fv2%2Fproduct_cat&post=2087"},{"taxonomy":"product_tag","embeddable":true,"href":"http:\/\/optimusmutfak.com\/index.php?rest_route=%2Fwp%2Fv2%2Fproduct_tag&post=2087"}],"curies":[{"name":"wp","href":"https:\/\/api.w.org\/{rel}","templated":true}]}}