{"id":2082,"date":"2023-06-15T19:42:31","date_gmt":"2023-06-15T19:42:31","guid":{"rendered":"http:\/\/optimusmutfak.com\/?product=luca-mozaik-gourmet-duz-tabak-27-cm"},"modified":"2023-06-15T19:42:31","modified_gmt":"2023-06-15T19:42:31","slug":"luca-mozaik-gourmet-duz-tabak-27-cm","status":"publish","type":"product","link":"http:\/\/optimusmutfak.com\/?product=luca-mozaik-gourmet-duz-tabak-27-cm","title":{"rendered":"Luca Mozaik Gourmet D\u00fcz Tabak 27 cm"},"content":{"rendered":"","protected":false},"excerpt":{"rendered":"<p>LUCA MOZA\u0130K GOURMET D\u00dcZ TABAK 27 CM<\/p>\n","protected":false},"featured_media":939,"comment_status":"open","ping_status":"closed","template":"","meta":{"saved_in_kubio":false,"_eb_attr":""},"product_cat":[66],"product_tag":[],"class_list":{"0":"post-2082","1":"product","2":"type-product","3":"status-publish","4":"has-post-thumbnail","6":"product_cat-luca-mosaic","8":"first","9":"instock","10":"shipping-taxable","11":"purchasable","12":"product-type-simple"},"_links":{"self":[{"href":"http:\/\/optimusmutfak.com\/index.php?rest_route=\/wp\/v2\/product\/2082","targetHints":{"allow":["GET"]}}],"collection":[{"href":"http:\/\/optimusmutfak.com\/index.php?rest_route=\/wp\/v2\/product"}],"about":[{"href":"http:\/\/optimusmutfak.com\/index.php?rest_route=\/wp\/v2\/types\/product"}],"replies":[{"embeddable":true,"href":"http:\/\/optimusmutfak.com\/index.php?rest_route=%2Fwp%2Fv2%2Fcomments&post=2082"}],"wp:featuredmedia":[{"embeddable":true,"href":"http:\/\/optimusmutfak.com\/index.php?rest_route=\/wp\/v2\/media\/939"}],"wp:attachment":[{"href":"http:\/\/optimusmutfak.com\/index.php?rest_route=%2Fwp%2Fv2%2Fmedia&parent=2082"}],"wp:term":[{"taxonomy":"product_cat","embeddable":true,"href":"http:\/\/optimusmutfak.com\/index.php?rest_route=%2Fwp%2Fv2%2Fproduct_cat&post=2082"},{"taxonomy":"product_tag","embeddable":true,"href":"http:\/\/optimusmutfak.com\/index.php?rest_route=%2Fwp%2Fv2%2Fproduct_tag&post=2082"}],"curies":[{"name":"wp","href":"https:\/\/api.w.org\/{rel}","templated":true}]}}