{"id":2029,"date":"2023-06-15T19:35:44","date_gmt":"2023-06-15T19:35:44","guid":{"rendered":"http:\/\/optimusmutfak.com\/?product=viento-moove-dikdortgen-tabak-3416-cm"},"modified":"2023-06-15T19:35:44","modified_gmt":"2023-06-15T19:35:44","slug":"viento-moove-dikdortgen-tabak-3416-cm","status":"publish","type":"product","link":"http:\/\/optimusmutfak.com\/?product=viento-moove-dikdortgen-tabak-3416-cm","title":{"rendered":"Viento Moove Dikd\u00f6rtgen Tabak 34*16 cm"},"content":{"rendered":"","protected":false},"excerpt":{"rendered":"<p>V\u0130ENTO MOOVE D\u0130KD\u00d6RTGEN TABAK 34*16 CM<\/p>\n","protected":false},"featured_media":1207,"comment_status":"open","ping_status":"closed","template":"","meta":{"saved_in_kubio":false,"_eb_attr":""},"product_cat":[62],"product_tag":[],"class_list":{"0":"post-2029","1":"product","2":"type-product","3":"status-publish","4":"has-post-thumbnail","6":"product_cat-viento","8":"first","9":"instock","10":"shipping-taxable","11":"purchasable","12":"product-type-simple"},"_links":{"self":[{"href":"http:\/\/optimusmutfak.com\/index.php?rest_route=\/wp\/v2\/product\/2029","targetHints":{"allow":["GET"]}}],"collection":[{"href":"http:\/\/optimusmutfak.com\/index.php?rest_route=\/wp\/v2\/product"}],"about":[{"href":"http:\/\/optimusmutfak.com\/index.php?rest_route=\/wp\/v2\/types\/product"}],"replies":[{"embeddable":true,"href":"http:\/\/optimusmutfak.com\/index.php?rest_route=%2Fwp%2Fv2%2Fcomments&post=2029"}],"wp:featuredmedia":[{"embeddable":true,"href":"http:\/\/optimusmutfak.com\/index.php?rest_route=\/wp\/v2\/media\/1207"}],"wp:attachment":[{"href":"http:\/\/optimusmutfak.com\/index.php?rest_route=%2Fwp%2Fv2%2Fmedia&parent=2029"}],"wp:term":[{"taxonomy":"product_cat","embeddable":true,"href":"http:\/\/optimusmutfak.com\/index.php?rest_route=%2Fwp%2Fv2%2Fproduct_cat&post=2029"},{"taxonomy":"product_tag","embeddable":true,"href":"http:\/\/optimusmutfak.com\/index.php?rest_route=%2Fwp%2Fv2%2Fproduct_tag&post=2029"}],"curies":[{"name":"wp","href":"https:\/\/api.w.org\/{rel}","templated":true}]}}