{"id":2011,"date":"2023-06-15T19:35:41","date_gmt":"2023-06-15T19:35:41","guid":{"rendered":"http:\/\/optimusmutfak.com\/?product=viento-gourmet-duz-tabak-23-cm"},"modified":"2023-06-15T19:35:41","modified_gmt":"2023-06-15T19:35:41","slug":"viento-gourmet-duz-tabak-23-cm","status":"publish","type":"product","link":"http:\/\/optimusmutfak.com\/?product=viento-gourmet-duz-tabak-23-cm","title":{"rendered":"Viento Gourmet D\u00fcz Tabak 23 cm"},"content":{"rendered":"","protected":false},"excerpt":{"rendered":"<p>V\u0130ENTO GOURMET D\u00dcZ TABAK 23 CM<\/p>\n","protected":false},"featured_media":1187,"comment_status":"open","ping_status":"closed","template":"","meta":{"saved_in_kubio":false,"_eb_attr":""},"product_cat":[62],"product_tag":[],"class_list":{"0":"post-2011","1":"product","2":"type-product","3":"status-publish","4":"has-post-thumbnail","6":"product_cat-viento","8":"first","9":"instock","10":"shipping-taxable","11":"purchasable","12":"product-type-simple"},"_links":{"self":[{"href":"http:\/\/optimusmutfak.com\/index.php?rest_route=\/wp\/v2\/product\/2011","targetHints":{"allow":["GET"]}}],"collection":[{"href":"http:\/\/optimusmutfak.com\/index.php?rest_route=\/wp\/v2\/product"}],"about":[{"href":"http:\/\/optimusmutfak.com\/index.php?rest_route=\/wp\/v2\/types\/product"}],"replies":[{"embeddable":true,"href":"http:\/\/optimusmutfak.com\/index.php?rest_route=%2Fwp%2Fv2%2Fcomments&post=2011"}],"wp:featuredmedia":[{"embeddable":true,"href":"http:\/\/optimusmutfak.com\/index.php?rest_route=\/wp\/v2\/media\/1187"}],"wp:attachment":[{"href":"http:\/\/optimusmutfak.com\/index.php?rest_route=%2Fwp%2Fv2%2Fmedia&parent=2011"}],"wp:term":[{"taxonomy":"product_cat","embeddable":true,"href":"http:\/\/optimusmutfak.com\/index.php?rest_route=%2Fwp%2Fv2%2Fproduct_cat&post=2011"},{"taxonomy":"product_tag","embeddable":true,"href":"http:\/\/optimusmutfak.com\/index.php?rest_route=%2Fwp%2Fv2%2Fproduct_tag&post=2011"}],"curies":[{"name":"wp","href":"https:\/\/api.w.org\/{rel}","templated":true}]}}