{"id":1978,"date":"2023-06-15T19:31:30","date_gmt":"2023-06-15T19:31:30","guid":{"rendered":"http:\/\/optimusmutfak.com\/?product=harena-gourmet-dikdortgen-kayik-128-5-cm"},"modified":"2023-06-15T19:31:30","modified_gmt":"2023-06-15T19:31:30","slug":"harena-gourmet-dikdortgen-kayik-128-5-cm","status":"publish","type":"product","link":"http:\/\/optimusmutfak.com\/?product=harena-gourmet-dikdortgen-kayik-128-5-cm","title":{"rendered":"Harena Gourmet Dikd\u00f6rtgen Kay\u0131k 12*8.5 cm"},"content":{"rendered":"","protected":false},"excerpt":{"rendered":"<p>HARENA GOURMET D\u0130KD\u00d6RTGEN KAYIK 12*8.5 CM<\/p>\n","protected":false},"featured_media":900,"comment_status":"open","ping_status":"closed","template":"","meta":{"saved_in_kubio":false,"_eb_attr":""},"product_cat":[63],"product_tag":[],"class_list":{"0":"post-1978","1":"product","2":"type-product","3":"status-publish","4":"has-post-thumbnail","6":"product_cat-harena","8":"first","9":"instock","10":"shipping-taxable","11":"purchasable","12":"product-type-simple"},"_links":{"self":[{"href":"http:\/\/optimusmutfak.com\/index.php?rest_route=\/wp\/v2\/product\/1978","targetHints":{"allow":["GET"]}}],"collection":[{"href":"http:\/\/optimusmutfak.com\/index.php?rest_route=\/wp\/v2\/product"}],"about":[{"href":"http:\/\/optimusmutfak.com\/index.php?rest_route=\/wp\/v2\/types\/product"}],"replies":[{"embeddable":true,"href":"http:\/\/optimusmutfak.com\/index.php?rest_route=%2Fwp%2Fv2%2Fcomments&post=1978"}],"wp:featuredmedia":[{"embeddable":true,"href":"http:\/\/optimusmutfak.com\/index.php?rest_route=\/wp\/v2\/media\/900"}],"wp:attachment":[{"href":"http:\/\/optimusmutfak.com\/index.php?rest_route=%2Fwp%2Fv2%2Fmedia&parent=1978"}],"wp:term":[{"taxonomy":"product_cat","embeddable":true,"href":"http:\/\/optimusmutfak.com\/index.php?rest_route=%2Fwp%2Fv2%2Fproduct_cat&post=1978"},{"taxonomy":"product_tag","embeddable":true,"href":"http:\/\/optimusmutfak.com\/index.php?rest_route=%2Fwp%2Fv2%2Fproduct_tag&post=1978"}],"curies":[{"name":"wp","href":"https:\/\/api.w.org\/{rel}","templated":true}]}}