{"id":1917,"date":"2023-06-15T19:24:26","date_gmt":"2023-06-15T19:24:26","guid":{"rendered":"http:\/\/optimusmutfak.com\/?product=mezopotamya-mozaic-kahve-gourmet-duz-tabak-27-cm"},"modified":"2023-06-15T19:24:26","modified_gmt":"2023-06-15T19:24:26","slug":"mezopotamya-mozaic-kahve-gourmet-duz-tabak-27-cm","status":"publish","type":"product","link":"http:\/\/optimusmutfak.com\/?product=mezopotamya-mozaic-kahve-gourmet-duz-tabak-27-cm","title":{"rendered":"Mezopotamya Mozaic Kahve Gourmet D\u00fcz Tabak 27 cm"},"content":{"rendered":"","protected":false},"excerpt":{"rendered":"<p>MEZOPOTAMYA MOZA\u0130C KAHVE GOURMET D\u00dcZ TABAK 27 CM<\/p>\n","protected":false},"featured_media":1066,"comment_status":"open","ping_status":"closed","template":"","meta":{"saved_in_kubio":false,"_eb_attr":""},"product_cat":[61],"product_tag":[],"class_list":{"0":"post-1917","1":"product","2":"type-product","3":"status-publish","4":"has-post-thumbnail","6":"product_cat-mezopotamya","8":"first","9":"instock","10":"shipping-taxable","11":"purchasable","12":"product-type-simple"},"_links":{"self":[{"href":"http:\/\/optimusmutfak.com\/index.php?rest_route=\/wp\/v2\/product\/1917","targetHints":{"allow":["GET"]}}],"collection":[{"href":"http:\/\/optimusmutfak.com\/index.php?rest_route=\/wp\/v2\/product"}],"about":[{"href":"http:\/\/optimusmutfak.com\/index.php?rest_route=\/wp\/v2\/types\/product"}],"replies":[{"embeddable":true,"href":"http:\/\/optimusmutfak.com\/index.php?rest_route=%2Fwp%2Fv2%2Fcomments&post=1917"}],"wp:featuredmedia":[{"embeddable":true,"href":"http:\/\/optimusmutfak.com\/index.php?rest_route=\/wp\/v2\/media\/1066"}],"wp:attachment":[{"href":"http:\/\/optimusmutfak.com\/index.php?rest_route=%2Fwp%2Fv2%2Fmedia&parent=1917"}],"wp:term":[{"taxonomy":"product_cat","embeddable":true,"href":"http:\/\/optimusmutfak.com\/index.php?rest_route=%2Fwp%2Fv2%2Fproduct_cat&post=1917"},{"taxonomy":"product_tag","embeddable":true,"href":"http:\/\/optimusmutfak.com\/index.php?rest_route=%2Fwp%2Fv2%2Fproduct_tag&post=1917"}],"curies":[{"name":"wp","href":"https:\/\/api.w.org\/{rel}","templated":true}]}}