{"id":1913,"date":"2023-06-15T19:24:25","date_gmt":"2023-06-15T19:24:25","guid":{"rendered":"http:\/\/optimusmutfak.com\/?product=mezopotamya-mozaik-antrasit-28cm-hygge-duz-tabak"},"modified":"2023-06-15T19:24:25","modified_gmt":"2023-06-15T19:24:25","slug":"mezopotamya-mozaik-antrasit-28cm-hygge-duz-tabak","status":"publish","type":"product","link":"http:\/\/optimusmutfak.com\/?product=mezopotamya-mozaik-antrasit-28cm-hygge-duz-tabak","title":{"rendered":"Mezopotamya Mozaik Antrasit 28cm Hygge D\u00fcz Tabak"},"content":{"rendered":"","protected":false},"excerpt":{"rendered":"<p>MEZOPOTAMYA MOZA\u0130K ANTRAS\u0130T 28CM HYGGE D\u00dcZ TABAK<\/p>\n","protected":false},"featured_media":1062,"comment_status":"open","ping_status":"closed","template":"","meta":{"saved_in_kubio":false,"_eb_attr":""},"product_cat":[61],"product_tag":[],"class_list":{"0":"post-1913","1":"product","2":"type-product","3":"status-publish","4":"has-post-thumbnail","6":"product_cat-mezopotamya","8":"first","9":"instock","10":"shipping-taxable","11":"purchasable","12":"product-type-simple"},"_links":{"self":[{"href":"http:\/\/optimusmutfak.com\/index.php?rest_route=\/wp\/v2\/product\/1913","targetHints":{"allow":["GET"]}}],"collection":[{"href":"http:\/\/optimusmutfak.com\/index.php?rest_route=\/wp\/v2\/product"}],"about":[{"href":"http:\/\/optimusmutfak.com\/index.php?rest_route=\/wp\/v2\/types\/product"}],"replies":[{"embeddable":true,"href":"http:\/\/optimusmutfak.com\/index.php?rest_route=%2Fwp%2Fv2%2Fcomments&post=1913"}],"wp:featuredmedia":[{"embeddable":true,"href":"http:\/\/optimusmutfak.com\/index.php?rest_route=\/wp\/v2\/media\/1062"}],"wp:attachment":[{"href":"http:\/\/optimusmutfak.com\/index.php?rest_route=%2Fwp%2Fv2%2Fmedia&parent=1913"}],"wp:term":[{"taxonomy":"product_cat","embeddable":true,"href":"http:\/\/optimusmutfak.com\/index.php?rest_route=%2Fwp%2Fv2%2Fproduct_cat&post=1913"},{"taxonomy":"product_tag","embeddable":true,"href":"http:\/\/optimusmutfak.com\/index.php?rest_route=%2Fwp%2Fv2%2Fproduct_tag&post=1913"}],"curies":[{"name":"wp","href":"https:\/\/api.w.org\/{rel}","templated":true}]}}