{"id":1909,"date":"2023-06-15T19:24:24","date_gmt":"2023-06-15T19:24:24","guid":{"rendered":"http:\/\/optimusmutfak.com\/?product=mezopotamya-mozaik-antrasit-gourmet-duz-tabak-30-cm"},"modified":"2023-06-15T19:24:24","modified_gmt":"2023-06-15T19:24:24","slug":"mezopotamya-mozaik-antrasit-gourmet-duz-tabak-30-cm","status":"publish","type":"product","link":"http:\/\/optimusmutfak.com\/?product=mezopotamya-mozaik-antrasit-gourmet-duz-tabak-30-cm","title":{"rendered":"Mezopotamya Mozaik Antrasit Gourmet D\u00fcz Tabak 30 cm"},"content":{"rendered":"","protected":false},"excerpt":{"rendered":"<p>MEZOPOTAMYA MOZA\u0130K ANTRAS\u0130T GOURMET D\u00dcZ TABAK 30 CM<\/p>\n","protected":false},"featured_media":1058,"comment_status":"open","ping_status":"closed","template":"","meta":{"saved_in_kubio":false,"_eb_attr":""},"product_cat":[61],"product_tag":[],"class_list":{"0":"post-1909","1":"product","2":"type-product","3":"status-publish","4":"has-post-thumbnail","6":"product_cat-mezopotamya","8":"first","9":"instock","10":"shipping-taxable","11":"purchasable","12":"product-type-simple"},"_links":{"self":[{"href":"http:\/\/optimusmutfak.com\/index.php?rest_route=\/wp\/v2\/product\/1909","targetHints":{"allow":["GET"]}}],"collection":[{"href":"http:\/\/optimusmutfak.com\/index.php?rest_route=\/wp\/v2\/product"}],"about":[{"href":"http:\/\/optimusmutfak.com\/index.php?rest_route=\/wp\/v2\/types\/product"}],"replies":[{"embeddable":true,"href":"http:\/\/optimusmutfak.com\/index.php?rest_route=%2Fwp%2Fv2%2Fcomments&post=1909"}],"wp:featuredmedia":[{"embeddable":true,"href":"http:\/\/optimusmutfak.com\/index.php?rest_route=\/wp\/v2\/media\/1058"}],"wp:attachment":[{"href":"http:\/\/optimusmutfak.com\/index.php?rest_route=%2Fwp%2Fv2%2Fmedia&parent=1909"}],"wp:term":[{"taxonomy":"product_cat","embeddable":true,"href":"http:\/\/optimusmutfak.com\/index.php?rest_route=%2Fwp%2Fv2%2Fproduct_cat&post=1909"},{"taxonomy":"product_tag","embeddable":true,"href":"http:\/\/optimusmutfak.com\/index.php?rest_route=%2Fwp%2Fv2%2Fproduct_tag&post=1909"}],"curies":[{"name":"wp","href":"https:\/\/api.w.org\/{rel}","templated":true}]}}