{"id":1712,"date":"2023-06-14T21:33:19","date_gmt":"2023-06-14T21:33:19","guid":{"rendered":"http:\/\/optimusmutfak.com\/?product=shade-dikdortgen-tabak-3415-cm"},"modified":"2023-06-15T19:02:42","modified_gmt":"2023-06-15T19:02:42","slug":"shade-dikdortgen-tabak-3415-cm","status":"publish","type":"product","link":"http:\/\/optimusmutfak.com\/?product=shade-dikdortgen-tabak-3415-cm","title":{"rendered":"Shade Dikd\u00f6rtgen Tabak 34*15 Cm"},"content":{"rendered":"","protected":false},"excerpt":{"rendered":"<p>SHADE D\u0130KD\u00d6RTGEN TABAK 34*15 CM<\/p>\n","protected":false},"featured_media":874,"comment_status":"open","ping_status":"closed","template":"","meta":{"saved_in_kubio":false,"_eb_attr":""},"product_cat":[55,56],"product_tag":[],"class_list":{"0":"post-1712","1":"product","2":"type-product","3":"status-publish","4":"has-post-thumbnail","6":"product_cat-notte","7":"product_cat-shade","9":"first","10":"instock","11":"shipping-taxable","12":"purchasable","13":"product-type-simple"},"_links":{"self":[{"href":"http:\/\/optimusmutfak.com\/index.php?rest_route=\/wp\/v2\/product\/1712","targetHints":{"allow":["GET"]}}],"collection":[{"href":"http:\/\/optimusmutfak.com\/index.php?rest_route=\/wp\/v2\/product"}],"about":[{"href":"http:\/\/optimusmutfak.com\/index.php?rest_route=\/wp\/v2\/types\/product"}],"replies":[{"embeddable":true,"href":"http:\/\/optimusmutfak.com\/index.php?rest_route=%2Fwp%2Fv2%2Fcomments&post=1712"}],"wp:featuredmedia":[{"embeddable":true,"href":"http:\/\/optimusmutfak.com\/index.php?rest_route=\/wp\/v2\/media\/874"}],"wp:attachment":[{"href":"http:\/\/optimusmutfak.com\/index.php?rest_route=%2Fwp%2Fv2%2Fmedia&parent=1712"}],"wp:term":[{"taxonomy":"product_cat","embeddable":true,"href":"http:\/\/optimusmutfak.com\/index.php?rest_route=%2Fwp%2Fv2%2Fproduct_cat&post=1712"},{"taxonomy":"product_tag","embeddable":true,"href":"http:\/\/optimusmutfak.com\/index.php?rest_route=%2Fwp%2Fv2%2Fproduct_tag&post=1712"}],"curies":[{"name":"wp","href":"https:\/\/api.w.org\/{rel}","templated":true}]}}