{"id":1679,"date":"2023-06-14T21:26:42","date_gmt":"2023-06-14T21:26:42","guid":{"rendered":"http:\/\/optimusmutfak.com\/?product=notte-pizza-tabagi-32-cm"},"modified":"2023-06-15T19:02:39","modified_gmt":"2023-06-15T19:02:39","slug":"notte-pizza-tabagi-32-cm","status":"publish","type":"product","link":"http:\/\/optimusmutfak.com\/?product=notte-pizza-tabagi-32-cm","title":{"rendered":"Notte Pizza Taba\u011f\u0131 32 Cm"},"content":{"rendered":"","protected":false},"excerpt":{"rendered":"<p>NOTTE P\u0130ZZA TABA\u011eI 32 CM<\/p>\n","protected":false},"featured_media":644,"comment_status":"open","ping_status":"closed","template":"","meta":{"saved_in_kubio":false,"_eb_attr":""},"product_cat":[55],"product_tag":[],"class_list":{"0":"post-1679","1":"product","2":"type-product","3":"status-publish","4":"has-post-thumbnail","6":"product_cat-notte","8":"first","9":"instock","10":"shipping-taxable","11":"purchasable","12":"product-type-simple"},"_links":{"self":[{"href":"http:\/\/optimusmutfak.com\/index.php?rest_route=\/wp\/v2\/product\/1679","targetHints":{"allow":["GET"]}}],"collection":[{"href":"http:\/\/optimusmutfak.com\/index.php?rest_route=\/wp\/v2\/product"}],"about":[{"href":"http:\/\/optimusmutfak.com\/index.php?rest_route=\/wp\/v2\/types\/product"}],"replies":[{"embeddable":true,"href":"http:\/\/optimusmutfak.com\/index.php?rest_route=%2Fwp%2Fv2%2Fcomments&post=1679"}],"wp:featuredmedia":[{"embeddable":true,"href":"http:\/\/optimusmutfak.com\/index.php?rest_route=\/wp\/v2\/media\/644"}],"wp:attachment":[{"href":"http:\/\/optimusmutfak.com\/index.php?rest_route=%2Fwp%2Fv2%2Fmedia&parent=1679"}],"wp:term":[{"taxonomy":"product_cat","embeddable":true,"href":"http:\/\/optimusmutfak.com\/index.php?rest_route=%2Fwp%2Fv2%2Fproduct_cat&post=1679"},{"taxonomy":"product_tag","embeddable":true,"href":"http:\/\/optimusmutfak.com\/index.php?rest_route=%2Fwp%2Fv2%2Fproduct_tag&post=1679"}],"curies":[{"name":"wp","href":"https:\/\/api.w.org\/{rel}","templated":true}]}}