{"id":1493,"date":"2023-06-14T20:48:42","date_gmt":"2023-06-14T20:48:42","guid":{"rendered":"http:\/\/optimusmutfak.com\/?product=sand-snell-gourmet-kahve-fincan-tabagi-16-cm"},"modified":"2023-06-15T19:02:25","modified_gmt":"2023-06-15T19:02:25","slug":"sand-snell-gourmet-kahve-fincan-tabagi-16-cm","status":"publish","type":"product","link":"http:\/\/optimusmutfak.com\/?product=sand-snell-gourmet-kahve-fincan-tabagi-16-cm","title":{"rendered":"Sand Snell Gourmet Kahve Fincan Taba\u011f\u0131 16 Cm"},"content":{"rendered":"","protected":false},"excerpt":{"rendered":"<p>SAND SNELL GOURMET KAHVE F\u0130NCAN TABA\u011eI 16 CM<\/p>\n","protected":false},"featured_media":1426,"comment_status":"open","ping_status":"closed","template":"","meta":{"saved_in_kubio":false,"_eb_attr":""},"product_cat":[46],"product_tag":[],"class_list":{"0":"post-1493","1":"product","2":"type-product","3":"status-publish","4":"has-post-thumbnail","6":"product_cat-snell","8":"first","9":"instock","10":"shipping-taxable","11":"purchasable","12":"product-type-simple"},"_links":{"self":[{"href":"http:\/\/optimusmutfak.com\/index.php?rest_route=\/wp\/v2\/product\/1493","targetHints":{"allow":["GET"]}}],"collection":[{"href":"http:\/\/optimusmutfak.com\/index.php?rest_route=\/wp\/v2\/product"}],"about":[{"href":"http:\/\/optimusmutfak.com\/index.php?rest_route=\/wp\/v2\/types\/product"}],"replies":[{"embeddable":true,"href":"http:\/\/optimusmutfak.com\/index.php?rest_route=%2Fwp%2Fv2%2Fcomments&post=1493"}],"wp:featuredmedia":[{"embeddable":true,"href":"http:\/\/optimusmutfak.com\/index.php?rest_route=\/wp\/v2\/media\/1426"}],"wp:attachment":[{"href":"http:\/\/optimusmutfak.com\/index.php?rest_route=%2Fwp%2Fv2%2Fmedia&parent=1493"}],"wp:term":[{"taxonomy":"product_cat","embeddable":true,"href":"http:\/\/optimusmutfak.com\/index.php?rest_route=%2Fwp%2Fv2%2Fproduct_cat&post=1493"},{"taxonomy":"product_tag","embeddable":true,"href":"http:\/\/optimusmutfak.com\/index.php?rest_route=%2Fwp%2Fv2%2Fproduct_tag&post=1493"}],"curies":[{"name":"wp","href":"https:\/\/api.w.org\/{rel}","templated":true}]}}