{"id":1365,"date":"2023-06-14T20:03:00","date_gmt":"2023-06-14T20:03:00","guid":{"rendered":"http:\/\/optimusmutfak.com\/?product=sphere-soil-rita-kahve-fincani-250-cc"},"modified":"2023-06-15T19:02:21","modified_gmt":"2023-06-15T19:02:21","slug":"sphere-soil-rita-kahve-fincani-250-cc","status":"publish","type":"product","link":"http:\/\/optimusmutfak.com\/?product=sphere-soil-rita-kahve-fincani-250-cc","title":{"rendered":"Sphere Soil Rita Kahve Fincan\u0131 250 Cc"},"content":{"rendered":"","protected":false},"excerpt":{"rendered":"<p>SPHERE SO\u0130L R\u0130TA KAHVE F\u0130NCANI 250 CC<\/p>\n","protected":false},"featured_media":1286,"comment_status":"open","ping_status":"closed","template":"","meta":{"saved_in_kubio":false,"_eb_attr":""},"product_cat":[42],"product_tag":[],"class_list":{"0":"post-1365","1":"product","2":"type-product","3":"status-publish","4":"has-post-thumbnail","6":"product_cat-sphere-soil","8":"first","9":"instock","10":"shipping-taxable","11":"purchasable","12":"product-type-simple"},"_links":{"self":[{"href":"http:\/\/optimusmutfak.com\/index.php?rest_route=\/wp\/v2\/product\/1365","targetHints":{"allow":["GET"]}}],"collection":[{"href":"http:\/\/optimusmutfak.com\/index.php?rest_route=\/wp\/v2\/product"}],"about":[{"href":"http:\/\/optimusmutfak.com\/index.php?rest_route=\/wp\/v2\/types\/product"}],"replies":[{"embeddable":true,"href":"http:\/\/optimusmutfak.com\/index.php?rest_route=%2Fwp%2Fv2%2Fcomments&post=1365"}],"wp:featuredmedia":[{"embeddable":true,"href":"http:\/\/optimusmutfak.com\/index.php?rest_route=\/wp\/v2\/media\/1286"}],"wp:attachment":[{"href":"http:\/\/optimusmutfak.com\/index.php?rest_route=%2Fwp%2Fv2%2Fmedia&parent=1365"}],"wp:term":[{"taxonomy":"product_cat","embeddable":true,"href":"http:\/\/optimusmutfak.com\/index.php?rest_route=%2Fwp%2Fv2%2Fproduct_cat&post=1365"},{"taxonomy":"product_tag","embeddable":true,"href":"http:\/\/optimusmutfak.com\/index.php?rest_route=%2Fwp%2Fv2%2Fproduct_tag&post=1365"}],"curies":[{"name":"wp","href":"https:\/\/api.w.org\/{rel}","templated":true}]}}